{"id":12,"date":"2025-12-15T16:36:10","date_gmt":"2025-12-15T19:36:10","guid":{"rendered":"https:\/\/proativa.virtual.ufc.br\/promidia\/?page_id=12"},"modified":"2026-01-07T11:08:58","modified_gmt":"2026-01-07T14:08:58","slug":"publicacoes-promidia","status":"publish","type":"page","link":"https:\/\/proativa.virtual.ufc.br\/promidia\/publicacoes-promidia\/","title":{"rendered":"Publica\u00e7\u00f5es"},"content":{"rendered":" \n<div data-block=\"gutenkit\/container\" data-post-id=\"12\" id=\"block-cd1c5c66-b38d-455d-993e-ce4cc60d2a60\" class=\"wp-block-gutenkit-container alignfull gkit0d2a60 gutenkit-block\"><div class=\"gkit-block__inner\"> \n<div data-block=\"gutenkit\/container\" data-post-id=\"12\" id=\"block-cd1c5c66-b38d-455d-993e-ce4cc60d2a60\" class=\"wp-block-gutenkit-container alignfull gkit0d2a60 gutenkit-block\"><div class=\"gkit-block__inner\"> \n<div data-block=\"gutenkit\/container\" data-post-id=\"12\" id=\"block-534d9fc5-f148-42b8-aa75-4a80281bd7be\" class=\"wp-block-gutenkit-container alignfull gkit1bd7be gutenkit-block\"><div class=\"gkit-block__inner\"> \n<div data-block=\"gutenkit\/container\" data-post-id=\"12\" id=\"block-1b2a3e11-920c-477c-98ef-5627ff6a5f32\" class=\"wp-block-gutenkit-container alignfull gkit-block-1b2a3e11-920c-477c-98ef-5627ff6a5f32 gutenkit-block\"><div class=\"gkit-block__inner\"> \n<div data-block=\"gutenkit\/container\" data-post-id=\"12\" id=\"block-6e9e9685-61da-4095-bbef-17dcf21d5c58\" class=\"wp-block-gutenkit-container alignfull gkit1d5c58 gutenkit-block\"><div class=\"gkit-block__inner\"> \n<div data-block=\"gutenkit\/container\" data-post-id=\"12\" id=\"block-f66bef2f-a38b-45ba-80a2-06ab4dbfc1ed\" class=\"wp-block-gutenkit-container alignfull gkitbfc1ed gutenkit-block\"><div class=\"gkit-block__inner\"> \n<div data-block=\"gutenkit\/heading\" data-post-id=\"12\" class=\"wp-block-gutenkit-heading gkit-heading-border-position-start gkit8bc3f2 gutenkit-block\" id=\"block-883a2479-b9ea-4493-859b-2831c560dc69\"><h2 class=\"gkit-heading-title\">Publica\u00e7\u00f5es<\/h2><div class=\"gkit-heading-description\"><p>Confira algumas das nossas Publica\u00e7\u00f5es em Revistas Cient\u00edficas<\/p><\/div><\/div>\n \n\n \r\n<div data-block=\"gutenkit\/blog-posts\" data-post-id=\"12\" class=\"wp-block-gutenkit-blog-posts gkit100b3b gutenkit-block\" id=\"block-3a9de158-0bdb-4b5c-a3ba-4807a4100b3b\">\r\n\t<div class=\"gutenkit-blog-posts gutenkit-blog-posts-layout-grid-thumb\">\r\n\t\t\t\t\t<div class=\"gutenkit-blog-post-container\">\r\n\t\t\t\t<div class=\"gutenkit-blog-post gutenkit-blog-post-direction-left\">\r\n\t\t\t\t\t\t\t\t\t\t<div class=\"gutenkit-blog-post-content \">\r\n\t\t\t\t\t\t\t\t\t\t\t\t\t\t\t\t\t\t<div class=\"post-meta-list\">\r\n\t\t\t\t\t\t\t\t\t\t\t\t\t\t\t\t\t<span class=\"post-cat\">\r\n\t\t\t\t\t\t<span class=\"post-cat-item\">\r\n\t\t\t\t\t\t\t<svg class='gkit-icon' xmlns=\"http:\/\/www.w3.org\/2000\/svg\" viewBox=\"0 0 512 512\"><path d=\"M0 96C0 60.7 28.7 32 64 32H196.1c19.1 0 37.4 7.6 50.9 21.1L289.9 96H448c35.3 0 64 28.7 64 64V416c0 35.3-28.7 64-64 64H64c-35.3 0-64-28.7-64-64V96zM64 80c-8.8 0-16 7.2-16 16V416c0 8.8 7.2 16 16 16H448c8.8 0 16-7.2 16-16V160c0-8.8-7.2-16-16-16H286.6c-10.6 0-20.8-4.2-28.3-11.7L213.1 87c-4.5-4.5-10.6-7-17-7H64z\" \/><\/svg>\t\t\t\t\t\t\t\t<a href=\"https:\/\/proativa.virtual.ufc.br\/promidia\/category\/2019\/\" rel=\"category tag\">\r\n\t\t\t\t\t\t\t\t\t2019\t\t\t\t\t\t\t\t<\/a>\r\n\t\t\t\t\t\t\t\t\t\t\t\t\t\t\t<a href=\"https:\/\/proativa.virtual.ufc.br\/promidia\/category\/artigos\/\" rel=\"category tag\">\r\n\t\t\t\t\t\t\t\t\tArtigos\t\t\t\t\t\t\t\t<\/a>\r\n\t\t\t\t\t\t\t\t\t\t\t\t\t<\/span>\r\n\t\t\t\t\t<\/span>\r\n\t\t\t\t\t\t\t\t\t\t\t<\/div>\r\n\t\t\t\t\t\t\t\t\t\t\t\t\t\t\t\t\t\t\t\t\t<h2 class=\"gutenkit-blog-post-title\">\r\n\t\t\t\t\t\t\t\t<a href=\"https:\/\/proativa.virtual.ufc.br\/promidia\/2025\/12\/26\/vamos-jogar-matematica-utilizando-o-rpg-maker-para-produzir-um-recurso-educacional-digital-para-o-ensino-de-matematica\/\" class=\"gutenkit-blog-post-title-link\">\r\n\t\t\t\t\t\t\t\t\tVamos Jogar Matem\u00e1tica: Utilizando o RPG Maker para Produzir um Recurso Educacional Digital para o Ensino de Matem\u00e1tica\t\t\t\t\t\t\t\t<\/a>\r\n\t\t\t\t\t\t\t\t\t\t\t\t\t\t\t<\/h2>\r\n\t\t\t\t\t\t\t\t\t\t\t\t\t\t\t\t\t\t<div class=\"gutenkit-blog-post-description\">\r\n\t\t\t\t\t\t\tDispon\u00edvel em: https:\/\/sol.sbc.org.br\/index.php\/ctrle\/article\/view\/8878\t\t\t\t\t\t<\/div>\r\n\t\t\t\t\t\t\t\t\t\t\t\t\t\t\t\t\t<\/div>\r\n\t\t\t\t<\/div>\r\n\t\t\t<\/div>\r\n\t\t\t\t\t<div class=\"gutenkit-blog-post-container\">\r\n\t\t\t\t<div class=\"gutenkit-blog-post gutenkit-blog-post-direction-left\">\r\n\t\t\t\t\t\t\t\t\t\t<div class=\"gutenkit-blog-post-content \">\r\n\t\t\t\t\t\t\t\t\t\t\t\t\t\t\t\t\t\t<div class=\"post-meta-list\">\r\n\t\t\t\t\t\t\t\t\t\t\t\t\t\t\t\t\t<span class=\"post-cat\">\r\n\t\t\t\t\t\t<span class=\"post-cat-item\">\r\n\t\t\t\t\t\t\t<svg class='gkit-icon' xmlns=\"http:\/\/www.w3.org\/2000\/svg\" viewBox=\"0 0 512 512\"><path d=\"M0 96C0 60.7 28.7 32 64 32H196.1c19.1 0 37.4 7.6 50.9 21.1L289.9 96H448c35.3 0 64 28.7 64 64V416c0 35.3-28.7 64-64 64H64c-35.3 0-64-28.7-64-64V96zM64 80c-8.8 0-16 7.2-16 16V416c0 8.8 7.2 16 16 16H448c8.8 0 16-7.2 16-16V160c0-8.8-7.2-16-16-16H286.6c-10.6 0-20.8-4.2-28.3-11.7L213.1 87c-4.5-4.5-10.6-7-17-7H64z\" \/><\/svg>\t\t\t\t\t\t\t\t<a href=\"https:\/\/proativa.virtual.ufc.br\/promidia\/category\/2019\/\" rel=\"category tag\">\r\n\t\t\t\t\t\t\t\t\t2019\t\t\t\t\t\t\t\t<\/a>\r\n\t\t\t\t\t\t\t\t\t\t\t\t\t\t\t<a href=\"https:\/\/proativa.virtual.ufc.br\/promidia\/category\/artigos\/\" rel=\"category tag\">\r\n\t\t\t\t\t\t\t\t\tArtigos\t\t\t\t\t\t\t\t<\/a>\r\n\t\t\t\t\t\t\t\t\t\t\t\t\t\t\t<a href=\"https:\/\/proativa.virtual.ufc.br\/promidia\/category\/ctrle\/\" rel=\"category tag\">\r\n\t\t\t\t\t\t\t\t\tCTRL+E\t\t\t\t\t\t\t\t<\/a>\r\n\t\t\t\t\t\t\t\t\t\t\t\t\t<\/span>\r\n\t\t\t\t\t<\/span>\r\n\t\t\t\t\t\t\t\t\t\t\t<\/div>\r\n\t\t\t\t\t\t\t\t\t\t\t\t\t\t\t\t\t\t\t\t\t<h2 class=\"gutenkit-blog-post-title\">\r\n\t\t\t\t\t\t\t\t<a href=\"https:\/\/proativa.virtual.ufc.br\/promidia\/2025\/12\/26\/dino-no-vale-dos-dinossauros-um-recurso-educacional-digital-para-auxiliar-conceitos-basicos-de-contagem\/\" class=\"gutenkit-blog-post-title-link\">\r\n\t\t\t\t\t\t\t\t\tDino no Vale dos Dinossauros: um Recurso Educacional Digital para Auxiliar Conceitos B\u00e1sicos de Contagem\t\t\t\t\t\t\t\t<\/a>\r\n\t\t\t\t\t\t\t\t\t\t\t\t\t\t\t<\/h2>\r\n\t\t\t\t\t\t\t\t\t\t\t\t\t\t\t\t\t\t<div class=\"gutenkit-blog-post-description\">\r\n\t\t\t\t\t\t\tDispon\u00edvel em: https:\/\/sol.sbc.org.br\/index.php\/ctrle\/article\/download\/8921\/8822\t\t\t\t\t\t<\/div>\r\n\t\t\t\t\t\t\t\t\t\t\t\t\t\t\t\t\t<\/div>\r\n\t\t\t\t<\/div>\r\n\t\t\t<\/div>\r\n\t\t\t<\/div>\r\n<\/div>\r\n <\/div><\/div>\n \n\n \n<div data-block=\"gutenkit\/container\" data-post-id=\"12\" id=\"block-2b1fb89d-50a8-4a85-9343-760bd784af20\" class=\"wp-block-gutenkit-container alignfull gkit84af20 gutenkit-block\"><div class=\"gkit-block__inner\"> \n<div data-block=\"gutenkit\/heading\" data-post-id=\"12\" class=\"wp-block-gutenkit-heading gkit-heading-border-position-start gkit218a8e gutenkit-block\" id=\"block-883a2479-b9ea-4493-859b-2831c560dc69\"><h2 class=\"gkit-heading-title\">Livros<\/h2><div class=\"gkit-heading-description\"><p>Confira algumas dos Livros produzidos<\/p><\/div><\/div>\n \n\n \r\n<div data-block=\"gutenkit\/blog-posts\" data-post-id=\"12\" class=\"wp-block-gutenkit-blog-posts gkitadc927 gutenkit-block\" id=\"block-dadebf11-02ef-4ab5-9f42-873b26adc927\">\r\n\t<div class=\"gutenkit-blog-posts gutenkit-blog-posts-layout-grid-thumb\">\r\n\t\t\t\t\t<div class=\"gutenkit-blog-post-container\">\r\n\t\t\t\t<div class=\"gutenkit-blog-post gutenkit-blog-post-direction-top-left\">\r\n\t\t\t\t\t\t\t\t\t\t<div class=\"gutenkit-blog-post-content \">\r\n\t\t\t\t\t\t\t\t\t\t\t\t\t\t\t\t\t\t<div class=\"post-meta-list\">\r\n\t\t\t\t\t\t\t\t\t\t\t\t\t\t\t\t\t<span class=\"post-cat\">\r\n\t\t\t\t\t\t<span class=\"post-cat-item\">\r\n\t\t\t\t\t\t\t<svg class='gkit-icon' xmlns=\"http:\/\/www.w3.org\/2000\/svg\" viewBox=\"0 0 512 512\"><path d=\"M0 96C0 60.7 28.7 32 64 32H196.1c19.1 0 37.4 7.6 50.9 21.1L289.9 96H448c35.3 0 64 28.7 64 64V416c0 35.3-28.7 64-64 64H64c-35.3 0-64-28.7-64-64V96zM64 80c-8.8 0-16 7.2-16 16V416c0 8.8 7.2 16 16 16H448c8.8 0 16-7.2 16-16V160c0-8.8-7.2-16-16-16H286.6c-10.6 0-20.8-4.2-28.3-11.7L213.1 87c-4.5-4.5-10.6-7-17-7H64z\" \/><\/svg>\t\t\t\t\t\t\t\t<a href=\"https:\/\/proativa.virtual.ufc.br\/promidia\/category\/2023\/\" rel=\"category tag\">\r\n\t\t\t\t\t\t\t\t\t2023\t\t\t\t\t\t\t\t<\/a>\r\n\t\t\t\t\t\t\t\t\t\t\t\t\t\t\t<a href=\"https:\/\/proativa.virtual.ufc.br\/promidia\/category\/livro\/\" rel=\"category tag\">\r\n\t\t\t\t\t\t\t\t\tLivro\t\t\t\t\t\t\t\t<\/a>\r\n\t\t\t\t\t\t\t\t\t\t\t\t\t<\/span>\r\n\t\t\t\t\t<\/span>\r\n\t\t\t\t\t\t\t\t\t\t\t<\/div>\r\n\t\t\t\t\t\t\t\t\t\t\t\t\t\t\t\t\t\t\t\t\t<h2 class=\"gutenkit-blog-post-title\">\r\n\t\t\t\t\t\t\t\t<a href=\"https:\/\/proativa.virtual.ufc.br\/promidia\/2025\/12\/27\/estatisticas-para-a-vida\/\" class=\"gutenkit-blog-post-title-link\">\r\n\t\t\t\t\t\t\t\t\tEstat\u00edsticas para a vida\t\t\t\t\t\t\t\t<\/a>\r\n\t\t\t\t\t\t\t\t\t\t\t\t\t\t\t<\/h2>\r\n\t\t\t\t\t\t\t\t\t\t\t\t\t\t\t\t\t\t<div class=\"gutenkit-blog-post-description\">\r\n\t\t\t\t\t\t\t\t\t\t\t\t\t<\/div>\r\n\t\t\t\t\t\t\t\t\t\t\t\t\t\t\t\t\t\t\t<div class=\"gutenkit-blog-post-btn-wraper\">\r\n\t\t\t\t\t\t\t\t<a href=\"https:\/\/proativa.virtual.ufc.br\/promidia\/2025\/12\/27\/estatisticas-para-a-vida\/\" class=\"gutenkit-blog-post-btn gkit-btn\">\r\n\t\t\t\t\t\t\t\t\t\t\t\t\t\t\t\t\t\t<span class=\"gutenkit-blog-post-btn-text\">\r\n\t\t\t\t\t\t\t\t\t\tLeia mais\t\t\t\t\t\t\t\t\t<\/span>\r\n\t\t\t\t\t\t\t\t\t\t\t\t\t\t\t\t\t<\/a>\r\n\t\t\t\t\t\t\t<\/div>\r\n\t\t\t\t\t\t\t\t\t\t\t<\/div>\r\n\t\t\t\t<\/div>\r\n\t\t\t<\/div>\r\n\t\t\t\t\t<div class=\"gutenkit-blog-post-container\">\r\n\t\t\t\t<div class=\"gutenkit-blog-post gutenkit-blog-post-direction-top-left\">\r\n\t\t\t\t\t\t\t\t\t\t<div class=\"gutenkit-blog-post-content \">\r\n\t\t\t\t\t\t\t\t\t\t\t\t\t\t\t\t\t\t<div class=\"post-meta-list\">\r\n\t\t\t\t\t\t\t\t\t\t\t\t\t\t\t\t\t<span class=\"post-cat\">\r\n\t\t\t\t\t\t<span class=\"post-cat-item\">\r\n\t\t\t\t\t\t\t<svg class='gkit-icon' xmlns=\"http:\/\/www.w3.org\/2000\/svg\" viewBox=\"0 0 512 512\"><path d=\"M0 96C0 60.7 28.7 32 64 32H196.1c19.1 0 37.4 7.6 50.9 21.1L289.9 96H448c35.3 0 64 28.7 64 64V416c0 35.3-28.7 64-64 64H64c-35.3 0-64-28.7-64-64V96zM64 80c-8.8 0-16 7.2-16 16V416c0 8.8 7.2 16 16 16H448c8.8 0 16-7.2 16-16V160c0-8.8-7.2-16-16-16H286.6c-10.6 0-20.8-4.2-28.3-11.7L213.1 87c-4.5-4.5-10.6-7-17-7H64z\" \/><\/svg>\t\t\t\t\t\t\t\t<a href=\"https:\/\/proativa.virtual.ufc.br\/promidia\/category\/2020\/\" rel=\"category tag\">\r\n\t\t\t\t\t\t\t\t\t2020\t\t\t\t\t\t\t\t<\/a>\r\n\t\t\t\t\t\t\t\t\t\t\t\t\t\t\t<a href=\"https:\/\/proativa.virtual.ufc.br\/promidia\/category\/livro\/\" rel=\"category tag\">\r\n\t\t\t\t\t\t\t\t\tLivro\t\t\t\t\t\t\t\t<\/a>\r\n\t\t\t\t\t\t\t\t\t\t\t\t\t<\/span>\r\n\t\t\t\t\t<\/span>\r\n\t\t\t\t\t\t\t\t\t\t\t<\/div>\r\n\t\t\t\t\t\t\t\t\t\t\t\t\t\t\t\t\t\t\t\t\t<h2 class=\"gutenkit-blog-post-title\">\r\n\t\t\t\t\t\t\t\t<a href=\"https:\/\/proativa.virtual.ufc.br\/promidia\/2025\/12\/26\/meu-livro-jogo-de-matematica\/\" class=\"gutenkit-blog-post-title-link\">\r\n\t\t\t\t\t\t\t\t\tMeu Livro-Jogo de Matem\u00e1tica\t\t\t\t\t\t\t\t<\/a>\r\n\t\t\t\t\t\t\t\t\t\t\t\t\t\t\t<\/h2>\r\n\t\t\t\t\t\t\t\t\t\t\t\t\t\t\t\t\t\t<div class=\"gutenkit-blog-post-description\">\r\n\t\t\t\t\t\t\tAutora: Socorro Oliveira Dispon\u00edvel em: https:\/\/www.canva.com\/design\/DAEpPfgm1XI\/6UO2lBdfeggsqRPTV6b4oA\/view?utm_content=DAEpPfgm1XI&amp;utm_campaign=designshare&amp;utm_medium=link2&amp;utm_source=sharebutton O QUE A CRIAN\u00c7A APRENDER\u00c1 NESTE LIVRO-JOGO:\t\t\t\t\t\t<\/div>\r\n\t\t\t\t\t\t\t\t\t\t\t\t\t\t\t\t\t\t\t<div class=\"gutenkit-blog-post-btn-wraper\">\r\n\t\t\t\t\t\t\t\t<a href=\"https:\/\/proativa.virtual.ufc.br\/promidia\/2025\/12\/26\/meu-livro-jogo-de-matematica\/\" class=\"gutenkit-blog-post-btn gkit-btn\">\r\n\t\t\t\t\t\t\t\t\t\t\t\t\t\t\t\t\t\t<span class=\"gutenkit-blog-post-btn-text\">\r\n\t\t\t\t\t\t\t\t\t\tLeia mais\t\t\t\t\t\t\t\t\t<\/span>\r\n\t\t\t\t\t\t\t\t\t\t\t\t\t\t\t\t\t<\/a>\r\n\t\t\t\t\t\t\t<\/div>\r\n\t\t\t\t\t\t\t\t\t\t\t<\/div>\r\n\t\t\t\t<\/div>\r\n\t\t\t<\/div>\r\n\t\t\t<\/div>\r\n<\/div>\r\n <\/div><\/div>\n <\/div><\/div>\n <\/div><\/div>\n <\/div><\/div>\n \n\n \n<div data-block=\"gutenkit\/container\" data-post-id=\"12\" id=\"block-ecd15ce2-91eb-4a4e-8cf6-2dfaf7b8e9fa\" class=\"wp-block-gutenkit-container alignfull gkitb8e9fa gutenkit-block\"><div class=\"gkit-block__inner\"> \n<div data-block=\"gutenkit\/heading\" data-post-id=\"12\" class=\"wp-block-gutenkit-heading gkit-heading-border-position-start gkit648cd6 gutenkit-block\" id=\"block-79c11fb2-f5c3-4ee9-993e-e69e2a43dad5\"><h3 class=\"gkit-heading-subtitle\">Ficou animado ?! Ainda tem mais!<br>Vem conhecer os outros projetos dos<br>alunos que fazem parte da nossa hist\u00f3ria<br><\/h3><h2 class=\"gkit-heading-title\">Projetos&nbsp;<strong>PROM\u00cdDIA<\/strong><\/h2><\/div>\n \n\n \n<div data-block=\"gutenkit\/button\" data-post-id=\"12\" id=\"block-24c10c98-ec30-4de8-beb2-da1baea0e9d5\" class=\"wp-block-gutenkit-button gkita0e9d5 gutenkit-block\"><div class=\"gkit-btn-wraper\"><a class=\"gkit-btn\" href=\"https:\/\/proativa.virtual.ufc.br\/promidia\/projetos-promidia\/\">Clique aqui<div class=\"icon-right\"><svg version=\"1.1\" xmlns=\"http:\/\/www.w3.org\/2000\/svg\" width=\"32\" height=\"32\" viewBox=\"0 0 32 32\" class=\"gkit-icon\">\n<title>play-button1<\/title>\n<path d=\"M29.85 8.403c-2.136-3.7-5.585-6.346-9.711-7.452s-8.436-0.538-12.136 1.598c-3.7 2.136-6.346 5.585-7.452 9.711s-0.538 8.436 1.598 12.136c2.136 3.7 5.585 6.346 9.711 7.452 1.378 0.369 2.776 0.552 4.165 0.552 2.771 0 5.506-0.727 7.971-2.15 3.7-2.136 6.346-5.585 7.452-9.711s0.538-8.436-1.598-12.136zM29.839 20.108c-0.991 3.697-3.361 6.786-6.676 8.7s-7.175 2.422-10.872 1.431c-3.697-0.991-6.786-3.361-8.7-6.676s-2.422-7.175-1.431-10.872c0.991-3.697 3.361-6.786 6.676-8.7 2.208-1.275 4.658-1.926 7.141-1.926 1.244 0 2.497 0.164 3.731 0.494 3.697 0.99 6.786 3.361 8.7 6.676s2.422 7.175 1.431 10.872zM23.674 14.891l-10.283-5.937c-0.546-0.315-1.197-0.315-1.743-0s-0.871 0.879-0.871 1.509v11.874c0 0.63 0.326 1.194 0.871 1.509 0.273 0.158 0.572 0.236 0.871 0.236s0.599-0.079 0.871-0.236l10.283-5.937c0.546-0.315 0.871-0.879 0.871-1.509s-0.326-1.194-0.871-1.509zM22.841 16.467l-10.283 5.937c-0.013 0.007-0.039 0.022-0.077 0s-0.039-0.052-0.039-0.067v-11.874c0-0.014 0-0.045 0.039-0.067 0.015-0.009 0.028-0.012 0.040-0.012 0.018 0 0.030 0.007 0.038 0.012l10.283 5.937c0.013 0.007 0.039 0.022 0.039 0.067s-0.026 0.060-0.039 0.067zM25.831 8.803c-1.981-2.559-4.958-4.278-8.169-4.716-0.455-0.062-0.876 0.257-0.938 0.712s0.257 0.876 0.712 0.938c2.782 0.38 5.361 1.869 7.077 4.086 0.164 0.212 0.41 0.323 0.659 0.323 0.178 0 0.358-0.057 0.509-0.174 0.364-0.281 0.43-0.805 0.149-1.168z\"><\/path>\n<\/svg>\n<\/div><\/a><\/div><\/div>\n <\/div><\/div>\n <\/div><\/div>\n <\/div><\/div>\n \n    <div class=\"xs_social_share_widget xs_share_url after_content \t\tmain_content  wslu-style-1 wslu-share-box-shaped wslu-fill-colored wslu-none wslu-share-horizontal wslu-theme-font-no wslu-main_content\">\n\n\t\t\n        <ul>\n\t\t\t        <\/ul>\n    <\/div> \n","protected":false},"excerpt":{"rendered":"","protected":false},"author":2,"featured_media":0,"parent":0,"menu_order":0,"comment_status":"closed","ping_status":"closed","template":"","meta":{"postBodyCss":"","postBodyMargin":[],"postBodyPadding":[],"postBodyBackground":{"backgroundType":"classic","gradient":""},"footnotes":""},"class_list":["post-12","page","type-page","status-publish","hentry"],"_links":{"self":[{"href":"https:\/\/proativa.virtual.ufc.br\/promidia\/wp-json\/wp\/v2\/pages\/12","targetHints":{"allow":["GET"]}}],"collection":[{"href":"https:\/\/proativa.virtual.ufc.br\/promidia\/wp-json\/wp\/v2\/pages"}],"about":[{"href":"https:\/\/proativa.virtual.ufc.br\/promidia\/wp-json\/wp\/v2\/types\/page"}],"author":[{"embeddable":true,"href":"https:\/\/proativa.virtual.ufc.br\/promidia\/wp-json\/wp\/v2\/users\/2"}],"replies":[{"embeddable":true,"href":"https:\/\/proativa.virtual.ufc.br\/promidia\/wp-json\/wp\/v2\/comments?post=12"}],"version-history":[{"count":3,"href":"https:\/\/proativa.virtual.ufc.br\/promidia\/wp-json\/wp\/v2\/pages\/12\/revisions"}],"predecessor-version":[{"id":196,"href":"https:\/\/proativa.virtual.ufc.br\/promidia\/wp-json\/wp\/v2\/pages\/12\/revisions\/196"}],"wp:attachment":[{"href":"https:\/\/proativa.virtual.ufc.br\/promidia\/wp-json\/wp\/v2\/media?parent=12"}],"curies":[{"name":"wp","href":"https:\/\/api.w.org\/{rel}","templated":true}]}}